{"id":1191,"date":"2021-03-01T17:06:37","date_gmt":"2021-03-01T17:06:37","guid":{"rendered":"https:\/\/www.acurede.pt\/novo\/?page_id=1191"},"modified":"2023-05-31T17:05:24","modified_gmt":"2023-05-31T17:05:24","slug":"projeto-educativo","status":"publish","type":"page","link":"https:\/\/www.acurede.pt\/novo\/projeto-educativo\/","title":{"rendered":"Projeto Educativo"},"content":{"rendered":"<p>[et_pb_section fb_built=&#8221;1&#8243; _builder_version=&#8221;4.0.5&#8243; background_color=&#8221;rgba(0,0,0,0)&#8221; background_image=&#8221;https:\/\/www.acurede.pt\/novo\/wp-content\/uploads\/2014\/10\/home_sitter_subheader.jpg&#8221; background_position=&#8221;bottom_center&#8221;][et_pb_row _builder_version=&#8221;4.0.5&#8243;][et_pb_column type=&#8221;4_4&#8243; _builder_version=&#8221;4.0.5&#8243;][et_pb_text _builder_version=&#8221;4.9.0&#8243;]<\/p>\n<h1 class=\"title\"><span style=\"color: #ffffff;\">Projeto Educativo<\/span><\/h1>\n<p>[\/et_pb_text][\/et_pb_column][\/et_pb_row][\/et_pb_section][et_pb_section fb_built=&#8221;1&#8243; _builder_version=&#8221;4.0.5&#8243;][et_pb_row _builder_version=&#8221;4.0.5&#8243;][et_pb_column type=&#8221;4_4&#8243; _builder_version=&#8221;4.0.5&#8243;][et_pb_text _builder_version=&#8221;4.9.0&#8243; header_text_color=&#8221;#fecd08&#8243;]<\/p>\n<p style=\"text-align: justify;\">O projeto educativo \u00e9 um instrumento estrat\u00e9gico que orienta e operacionaliza toda a a\u00e7\u00e3o educativa na Acurede.<\/p>\n<p style=\"text-align: justify;\">O projeto educativo \u00e9 um instrumento din\u00e2mico que evolui e se adapta \u00e0s mudan\u00e7as da comunidade, por isso este projeto \u00e9 repensado e reformulado, num processo que implica uma avalia\u00e7\u00e3o e reflex\u00e3o constante realizada por todos os intervenientes.<\/p>\n<p style=\"text-align: justify;\">\u00c9 tamb\u00e9m transversal, estando na base da elabora\u00e7\u00e3o dos Projetos Curriculares de Grupo. Sendo globalizante, \u00e9 um documento que envolve, ativamente, todos os intervenientes educativos: dire\u00e7\u00e3o, diretora t\u00e9cnica, educadoras, animadoras socioculturais, ajudantes da a\u00e7\u00e3o educativa, crian\u00e7as, pais\/fam\u00edlias e comunidade envolvente, procurando criar uma resposta educativa de maior qualidade.<\/p>\n<p style=\"text-align: justify;\">O projecto em vigor de 2018 a 2021 \u00e9 \u201cEducar pela arte\u201d<\/p>\n<p style=\"text-align: justify;\">Convidamos todos a conhecer o nosso <a href=\"#\">Projecto<\/a><\/p>\n<p>[\/et_pb_text][\/et_pb_column][\/et_pb_row][\/et_pb_section]<\/p>\n","protected":false},"excerpt":{"rendered":"<p>Projeto EducativoO projeto educativo \u00e9 um instrumento estrat\u00e9gico que orienta e operacionaliza toda a a\u00e7\u00e3o educativa na Acurede. O projeto educativo \u00e9 um instrumento din\u00e2mico que evolui e se adapta \u00e0s mudan\u00e7as da comunidade, por isso este projeto \u00e9 repensado e reformulado, num processo que implica uma avalia\u00e7\u00e3o e reflex\u00e3o constante realizada por todos os [&hellip;]<\/p>\n","protected":false},"author":4,"featured_media":0,"parent":0,"menu_order":0,"comment_status":"closed","ping_status":"closed","template":"","meta":{"_et_pb_use_builder":"on","_et_pb_old_content":"","_et_gb_content_width":"","footnotes":""},"class_list":["post-1191","page","type-page","status-publish","hentry"],"_links":{"self":[{"href":"https:\/\/www.acurede.pt\/novo\/wp-json\/wp\/v2\/pages\/1191","targetHints":{"allow":["GET"]}}],"collection":[{"href":"https:\/\/www.acurede.pt\/novo\/wp-json\/wp\/v2\/pages"}],"about":[{"href":"https:\/\/www.acurede.pt\/novo\/wp-json\/wp\/v2\/types\/page"}],"author":[{"embeddable":true,"href":"https:\/\/www.acurede.pt\/novo\/wp-json\/wp\/v2\/users\/4"}],"replies":[{"embeddable":true,"href":"https:\/\/www.acurede.pt\/novo\/wp-json\/wp\/v2\/comments?post=1191"}],"version-history":[{"count":4,"href":"https:\/\/www.acurede.pt\/novo\/wp-json\/wp\/v2\/pages\/1191\/revisions"}],"predecessor-version":[{"id":1198,"href":"https:\/\/www.acurede.pt\/novo\/wp-json\/wp\/v2\/pages\/1191\/revisions\/1198"}],"wp:attachment":[{"href":"https:\/\/www.acurede.pt\/novo\/wp-json\/wp\/v2\/media?parent=1191"}],"curies":[{"name":"wp","href":"https:\/\/api.w.org\/{rel}","templated":true}]}}