{"id":1209,"date":"2021-03-01T17:17:39","date_gmt":"2021-03-01T17:17:39","guid":{"rendered":"https:\/\/www.acurede.pt\/novo\/?page_id=1209"},"modified":"2023-05-31T17:05:24","modified_gmt":"2023-05-31T17:05:24","slug":"jardim-de-infancia","status":"publish","type":"page","link":"https:\/\/www.acurede.pt\/novo\/jardim-de-infancia\/","title":{"rendered":"Jardim de Inf\u00e2ncia"},"content":{"rendered":"<p>[et_pb_section fb_built=&#8221;1&#8243; _builder_version=&#8221;4.0.5&#8243; background_color=&#8221;rgba(0,0,0,0)&#8221; background_image=&#8221;https:\/\/www.acurede.pt\/novo\/wp-content\/uploads\/2014\/10\/home_sitter_subheader.jpg&#8221; background_position=&#8221;bottom_center&#8221;][et_pb_row _builder_version=&#8221;4.0.5&#8243;][et_pb_column type=&#8221;4_4&#8243; _builder_version=&#8221;4.0.5&#8243;][et_pb_text _builder_version=&#8221;4.9.0&#8243;]<\/p>\n<h1 class=\"title\"><span style=\"color: #ffffff;\">Jardim de Inf\u00e2ncia<br \/><\/span><\/h1>\n<p>[\/et_pb_text][\/et_pb_column][\/et_pb_row][\/et_pb_section][et_pb_section fb_built=&#8221;1&#8243; _builder_version=&#8221;4.0.5&#8243;][et_pb_row _builder_version=&#8221;4.0.5&#8243;][et_pb_column type=&#8221;4_4&#8243; _builder_version=&#8221;4.0.5&#8243;][et_pb_text _builder_version=&#8221;4.9.0&#8243; header_text_color=&#8221;#fecd08&#8243;]<\/p>\n<p style=\"text-align: justify;\">Componente Pedag\u00f3gica: <br \/>A educa\u00e7\u00e3o pr\u00e9-escolar \u00e9 a primeira etapa da educa\u00e7\u00e3o b\u00e1sica no processo de educa\u00e7\u00e3o ao longo da vida, sendo complementar da a\u00e7\u00e3o educativa da fam\u00edlia, com a qual deve estabelecer estreita coopera\u00e7\u00e3o, favorecendo a forma\u00e7\u00e3o e o desenvolvimento equilibrado da crian\u00e7a, tendo em vista a sua plena inser\u00e7\u00e3o na sociedade como ser aut\u00f3nomo, livre e solid\u00e1rio.<\/p>\n<p style=\"text-align: justify;\">Destina-se a crian\u00e7as dos 3 aos 6 anos de idade e na ACUREDE acreditamos que a aprendizagem das crian\u00e7as nesta faixa et\u00e1ria acontece de forma equilibrada quando recebem afeto, aten\u00e7\u00e3o e s\u00e3o mentalmente estimuladas. Assim, defendemos uma <strong>pedagogia de escuta<\/strong>, em que as crian\u00e7as s\u00e3o as protagonistas da sua pr\u00f3pria aprendizagem, e a sua vontade de <strong>explorar o mundo<\/strong> e descobrir mais sobre si e o que a rodeia \u00e9 potenciado. A esta metodologia, assente tamb\u00e9m no Movimento da Escola Moderna Portuguesa, aliamos o tempo de atividade livre e brincadeira, pois atrav\u00e9s do <strong>brincar<\/strong> a crian\u00e7a agu\u00e7a a sua curiosidade e criatividade, enquanto aprende.<\/p>\n<p style=\"text-align: justify;\">Na ACUREDE dispomos de <strong>tr\u00eas salas de pr\u00e9-escolar<\/strong>, a Sala Lil\u00e1s, a Sala Laranja e a Sala Dourada. Em todas as salas de atividades privilegiamos um ambiente educativo organizado cooperativamente entre o educador e as crian\u00e7as, de forma a promover escolhas e atividades que potenciem toda a esp\u00e9cie de aprendizagem social, afetiva e cognitiva. Contamos ainda com <strong>diversos espa\u00e7os exteriores<\/strong> onde as crian\u00e7as podem descer escorregas, rebolar na relva, saltar nas po\u00e7as, explorar a lama, fazer constru\u00e7\u00f5es de areia, andar de trotinete, alimentar animais da quinta enfim\u2026 Na nossa institui\u00e7\u00e3o <strong>todos t\u00eam a oportunidade de brincar\u2026 ser feliz\u2026 ser crian\u00e7a<\/strong>.<\/p>\n<p style=\"text-align: justify;\">De acordo com os princ\u00edpios que alicer\u00e7am a nossa inten\u00e7\u00e3o educativa definimos como principais objetivos:<br \/>\u2022 Promover o desenvolvimento pessoal e social da crian\u00e7a;<br \/>\u2022 Fomentar a inser\u00e7\u00e3o em grupos sociais diversos;<br \/>\u2022 Contribuir para a igualdade de oportunidades;<br \/>\u2022 Estimular o desenvolvimento global;<br \/>\u2022 Desenvolver a express\u00e3o e a comunica\u00e7\u00e3o;<br \/>\u2022 Despertar a curiosidade e o pensamento cr\u00edtico;<br \/>\u2022 Proporcionar \u00e0 crian\u00e7a ocasi\u00f5es de bem-estar e de seguran\u00e7a;<br \/>\u2022 Proceder \u00e0 despistagem de inadapta\u00e7\u00f5es, defici\u00eancias ou precocidades e incentivar a participa\u00e7\u00e3o das fam\u00edlias no processo educativo.<\/p>\n<p style=\"text-align: justify;\">&#8211; Componente de Apoio \u00e0 Fam\u00edlia (CAF)<br \/>Ao contr\u00e1rio do tempo curricular, que dever\u00e1 ocupar cinco horas di\u00e1rias, o tempo de anima\u00e7\u00e3o cultural em CAF (Componente de Apoio \u00e0 Fam\u00edlia) \u00e9, por natureza oscilante, marcado pela inexist\u00eancia de rotinas fixas. A <strong><a href=\"https:\/\/www.acurede.pt\/novo\/animacao-cultural\/\">anima\u00e7\u00e3o cultural<\/a><\/strong>\u00a0surge como estrat\u00e9gia complementar do sistema educativo e da a\u00e7\u00e3o pedag\u00f3gica e procura refor\u00e7ar essencialmente o processo de socializa\u00e7\u00e3o infantil. Trata-se de um tempo com um ritmo mais solto em que as crian\u00e7as t\u00eam possibilidade de brincar espontaneamente, de escolher livremente o que desejam fazer. Sendo essencialmente as atividades de livre escolha das crian\u00e7as um princ\u00edpio b\u00e1sico, \u00e9 necess\u00e1rio reunir todo um conjunto de condi\u00e7\u00f5es, tendo em conta o espa\u00e7o, os materiais e os recursos dispon\u00edveis, permitindo que sejam as crian\u00e7as a organizar-se. Essas atividades l\u00fadicas s\u00e3o essenciais para que as crian\u00e7as aprendam a expressar-se diante do mundo, valorizar e beneficiar as diversas manifesta\u00e7\u00f5es art\u00edsticas e culturais.<\/p>\n<p style=\"text-align: justify;\">Durante este tempo dever\u00e1 ser poss\u00edvel concretizar projetos individuais, em pares, de pequeno ou grande grupo, de prefer\u00eancia liderados pelas crian\u00e7as. \u00c9 fundamental criar um ambiente que, sendo ordenado, tenha as condi\u00e7\u00f5es para que as crian\u00e7as n\u00e3o se sintam obrigadas a aderir a uma atividade. A organiza\u00e7\u00e3o por ateliers abertos \u00e9 uma forma de funcionar, que tem como principal objetivo a utiliza\u00e7\u00e3o de diversos tipos de materiais a fim de explorar e estimular a criatividade das crian\u00e7as.<\/p>\n<p style=\"text-align: justify;\">&#8211; Ingl\u00eas<br \/>Na convic\u00e7\u00e3o de que aprender uma l\u00edngua estrangeira precocemente permite \u00e0s crian\u00e7as expandir o seu pensamento e adquirir um conhecimento global do mundo, compreendendo e respeitando as diferentes realidades culturais, a Acurede proporciona \u00e0s crian\u00e7as do pr\u00e9-escolar, o contato com a l\u00edngua inglesa, utilizando m\u00e9todos e estrat\u00e9gias diversificadas. Deste modo, a l\u00edngua inglesa no pr\u00e9-escolar tem como principais objetivos:<\/p>\n<p style=\"text-align: justify;\">&#8211; Sensibilizar para a diversidade lingu\u00edstica e cultural;<\/p>\n<p style=\"text-align: justify;\">&#8211; Fazer apreciar a l\u00edngua enquanto ve\u00edculo de interpreta\u00e7\u00e3o e comunica\u00e7\u00e3o com o mundo que nos rodeia;<\/p>\n<p style=\"text-align: justify;\">&#8211; Promover educa\u00e7\u00e3o para a comunica\u00e7\u00e3o, motivando para valores como o respeito pelo outro, a ajuda m\u00fatua, a solidariedade e cidadania.<\/p>\n<p>[\/et_pb_text][\/et_pb_column][\/et_pb_row][et_pb_row _builder_version=&#8221;4.9.0&#8243; _module_preset=&#8221;default&#8221;][et_pb_column _builder_version=&#8221;4.9.0&#8243; _module_preset=&#8221;default&#8221; type=&#8221;4_4&#8243;][et_pb_gallery _builder_version=&#8221;4.9.0&#8243; _module_preset=&#8221;default&#8221; posts_number=&#8221;70&#8243; gallery_ids=&#8221;1590,1591,1592,1593,1594,1595,1596,1597,1598,1599,1600,1601,1602,1603,1604,1605,1606,1607,1608,1609,1610,1611,1612,1613,1614,1615,1616,1617,1618,1619,1620,1621,1622,1623,1624,1625,1626,1627,1628,1629,1630,1631,1632,1633,1634,1635,1636,1637,1638,1639,1640,1641,1642,1643,1644,1645,1646,1647,1648,1649,1650,1651&#8243; show_title_and_caption=&#8221;off&#8221; hover_enabled=&#8221;0&#8243; sticky_enabled=&#8221;0&#8243;][\/et_pb_gallery][\/et_pb_column][\/et_pb_row][\/et_pb_section]<\/p>\n","protected":false},"excerpt":{"rendered":"<p>Jardim de Inf\u00e2nciaComponente Pedag\u00f3gica: A educa\u00e7\u00e3o pr\u00e9-escolar \u00e9 a primeira etapa da educa\u00e7\u00e3o b\u00e1sica no processo de educa\u00e7\u00e3o ao longo da vida, sendo complementar da a\u00e7\u00e3o educativa da fam\u00edlia, com a qual deve estabelecer estreita coopera\u00e7\u00e3o, favorecendo a forma\u00e7\u00e3o e o desenvolvimento equilibrado da crian\u00e7a, tendo em vista a sua plena inser\u00e7\u00e3o na sociedade como [&hellip;]<\/p>\n","protected":false},"author":4,"featured_media":0,"parent":0,"menu_order":0,"comment_status":"closed","ping_status":"closed","template":"","meta":{"_et_pb_use_builder":"on","_et_pb_old_content":"","_et_gb_content_width":"","footnotes":""},"class_list":["post-1209","page","type-page","status-publish","hentry"],"_links":{"self":[{"href":"https:\/\/www.acurede.pt\/novo\/wp-json\/wp\/v2\/pages\/1209","targetHints":{"allow":["GET"]}}],"collection":[{"href":"https:\/\/www.acurede.pt\/novo\/wp-json\/wp\/v2\/pages"}],"about":[{"href":"https:\/\/www.acurede.pt\/novo\/wp-json\/wp\/v2\/types\/page"}],"author":[{"embeddable":true,"href":"https:\/\/www.acurede.pt\/novo\/wp-json\/wp\/v2\/users\/4"}],"replies":[{"embeddable":true,"href":"https:\/\/www.acurede.pt\/novo\/wp-json\/wp\/v2\/comments?post=1209"}],"version-history":[{"count":9,"href":"https:\/\/www.acurede.pt\/novo\/wp-json\/wp\/v2\/pages\/1209\/revisions"}],"predecessor-version":[{"id":1652,"href":"https:\/\/www.acurede.pt\/novo\/wp-json\/wp\/v2\/pages\/1209\/revisions\/1652"}],"wp:attachment":[{"href":"https:\/\/www.acurede.pt\/novo\/wp-json\/wp\/v2\/media?parent=1209"}],"curies":[{"name":"wp","href":"https:\/\/api.w.org\/{rel}","templated":true}]}}