{"id":1225,"date":"2021-03-01T17:29:21","date_gmt":"2021-03-01T17:29:21","guid":{"rendered":"https:\/\/www.acurede.pt\/novo\/?page_id=1225"},"modified":"2023-05-31T17:05:23","modified_gmt":"2023-05-31T17:05:23","slug":"catl-1-o-ciclo","status":"publish","type":"page","link":"https:\/\/www.acurede.pt\/novo\/catl-1-o-ciclo\/","title":{"rendered":"CATL 1.\u00ba Ciclo"},"content":{"rendered":"<p>[et_pb_section fb_built=&#8221;1&#8243; _builder_version=&#8221;4.0.5&#8243; background_color=&#8221;rgba(0,0,0,0)&#8221; background_image=&#8221;https:\/\/www.acurede.pt\/novo\/wp-content\/uploads\/2014\/10\/home_sitter_subheader.jpg&#8221; background_position=&#8221;bottom_center&#8221;][et_pb_row _builder_version=&#8221;4.0.5&#8243;][et_pb_column type=&#8221;4_4&#8243; _builder_version=&#8221;4.0.5&#8243;][et_pb_text _builder_version=&#8221;4.9.0&#8243;]<\/p>\n<h1 class=\"title\"><span style=\"color: #ffffff;\">CATL 1.\u00ba Ciclo<\/span><\/h1>\n<p>[\/et_pb_text][\/et_pb_column][\/et_pb_row][\/et_pb_section][et_pb_section fb_built=&#8221;1&#8243; _builder_version=&#8221;4.0.5&#8243;][et_pb_row _builder_version=&#8221;4.0.5&#8243;][et_pb_column type=&#8221;4_4&#8243; _builder_version=&#8221;4.0.5&#8243;][et_pb_text _builder_version=&#8221;4.9.0&#8243; header_text_color=&#8221;#fecd08&#8243;]<\/p>\n<p style=\"text-align: justify;\">O Centro de Atividades dos Tempos Livres (CATL) \u00e9 um equipamento de natureza socioeducativa, vocacionado para o apoio \u00e0 fam\u00edlia e \u00e0 crian\u00e7a, destinado a acolher crian\u00e7as entre os 6 e os 10 anos de idade, nos hor\u00e1rios e per\u00edodos n\u00e3o letivos.<\/p>\n<p style=\"text-align: justify;\">Neste espa\u00e7o \u00e9 realizado um conjunto diversificado de atividades l\u00fadico-pedag\u00f3gicas e educativas que permitem um desenvolvimento equilibrado ao n\u00edvel cognitivo, social, moral e f\u00edsico da crian\u00e7a.<\/p>\n<p style=\"text-align: justify;\">Assim, os objetivos gerais do CATL s\u00e3o os seguintes:<br \/>\u2713 Promover o desenvolvimento pessoal e social da crian\u00e7a com base em experi\u00eancias da vida democr\u00e1tica numa perspetiva de educa\u00e7\u00e3o para a cidadania;<\/p>\n<p style=\"text-align: justify;\">\u2713 Fomentar a inser\u00e7\u00e3o da crian\u00e7a em grupos sociais diversos no respeito pela pluralidade das culturas, favorecendo uma progressiva consci\u00eancia como membro da sociedade;<\/p>\n<p style=\"text-align: justify;\">\u2713 Estimular o desenvolvimento global da crian\u00e7a no respeito pelas suas caracter\u00edsticas individuais, incutindo comportamentos que favore\u00e7am aprendizagens significativas e diferenciadas;<\/p>\n<p style=\"text-align: justify;\">\u2713 Desenvolver a express\u00e3o e a comunica\u00e7\u00e3o atrav\u00e9s das linguagens m\u00faltiplas como meios de rela\u00e7\u00e3o, de informa\u00e7\u00e3o, de sensibilidade est\u00e9tica e de compreens\u00e3o do mundo;<\/p>\n<p style=\"text-align: justify;\">\u2713 Despertar a curiosidade e o pensamento cr\u00edtico;<\/p>\n<p style=\"text-align: justify;\">\u2713 Proporcionar \u00e0 crian\u00e7a ocasi\u00f5es de bem-estar e de seguran\u00e7a, nomeadamente no \u00e2mbito da sa\u00fade individual e coletiva;<\/p>\n<p style=\"text-align: justify;\">\u2713 Incentivar a participa\u00e7\u00e3o da fam\u00edlia e estabelecer rela\u00e7\u00f5es de efetiva colabora\u00e7\u00e3o com a Comunidade.<\/p>\n<p style=\"text-align: justify;\">Numa l\u00f3gica de consolida\u00e7\u00e3o da nossa interven\u00e7\u00e3o desde a Creche, entendemos que \u00e9 essencial objetivar o projeto do CATL na clarifica\u00e7\u00e3o de valores e significados individuais e coletivos, que \u00e9 tamb\u00e9m um dos tr\u00eas pilares do MEM (Movimento da Escola Moderna).<\/p>\n<p style=\"text-align: justify;\">A planifica\u00e7\u00e3o de atividades no CATL assenta nestas quatro orienta\u00e7\u00f5es: aprender a conhecer, aprender a fazer, aprender a ser e aprender juntos, estando sempre presente o fomento da responsabilidade, conhecimento, autonomia, pr\u00e1tica do ju\u00edzo cr\u00edtico, empatia, comunica\u00e7\u00e3o, respeito pelo outro e pela diversidade, coopera\u00e7\u00e3o e compromisso.<\/p>\n<p>[\/et_pb_text][\/et_pb_column][\/et_pb_row][\/et_pb_section]<\/p>\n","protected":false},"excerpt":{"rendered":"<p>CATL 1.\u00ba CicloO Centro de Atividades dos Tempos Livres (CATL) \u00e9 um equipamento de natureza socioeducativa, vocacionado para o apoio \u00e0 fam\u00edlia e \u00e0 crian\u00e7a, destinado a acolher crian\u00e7as entre os 6 e os 10 anos de idade, nos hor\u00e1rios e per\u00edodos n\u00e3o letivos. Neste espa\u00e7o \u00e9 realizado um conjunto diversificado de atividades l\u00fadico-pedag\u00f3gicas e [&hellip;]<\/p>\n","protected":false},"author":4,"featured_media":0,"parent":0,"menu_order":0,"comment_status":"closed","ping_status":"closed","template":"","meta":{"_et_pb_use_builder":"on","_et_pb_old_content":"","_et_gb_content_width":"","footnotes":""},"class_list":["post-1225","page","type-page","status-publish","hentry"],"_links":{"self":[{"href":"https:\/\/www.acurede.pt\/novo\/wp-json\/wp\/v2\/pages\/1225","targetHints":{"allow":["GET"]}}],"collection":[{"href":"https:\/\/www.acurede.pt\/novo\/wp-json\/wp\/v2\/pages"}],"about":[{"href":"https:\/\/www.acurede.pt\/novo\/wp-json\/wp\/v2\/types\/page"}],"author":[{"embeddable":true,"href":"https:\/\/www.acurede.pt\/novo\/wp-json\/wp\/v2\/users\/4"}],"replies":[{"embeddable":true,"href":"https:\/\/www.acurede.pt\/novo\/wp-json\/wp\/v2\/comments?post=1225"}],"version-history":[{"count":5,"href":"https:\/\/www.acurede.pt\/novo\/wp-json\/wp\/v2\/pages\/1225\/revisions"}],"predecessor-version":[{"id":1235,"href":"https:\/\/www.acurede.pt\/novo\/wp-json\/wp\/v2\/pages\/1225\/revisions\/1235"}],"wp:attachment":[{"href":"https:\/\/www.acurede.pt\/novo\/wp-json\/wp\/v2\/media?parent=1225"}],"curies":[{"name":"wp","href":"https:\/\/api.w.org\/{rel}","templated":true}]}}