{"id":1238,"date":"2021-03-01T17:40:50","date_gmt":"2021-03-01T17:40:50","guid":{"rendered":"https:\/\/www.acurede.pt\/novo\/?page_id=1238"},"modified":"2023-05-31T17:05:20","modified_gmt":"2023-05-31T17:05:20","slug":"animacao-cultural","status":"publish","type":"page","link":"https:\/\/www.acurede.pt\/novo\/animacao-cultural\/","title":{"rendered":"Anima\u00e7\u00e3o Cultural"},"content":{"rendered":"<p>[et_pb_section fb_built=&#8221;1&#8243; _builder_version=&#8221;4.0.5&#8243; background_color=&#8221;rgba(0,0,0,0)&#8221; background_image=&#8221;https:\/\/www.acurede.pt\/novo\/wp-content\/uploads\/2014\/10\/home_sitter_subheader.jpg&#8221; background_position=&#8221;bottom_center&#8221;][et_pb_row _builder_version=&#8221;4.0.5&#8243;][et_pb_column type=&#8221;4_4&#8243; _builder_version=&#8221;4.0.5&#8243;][et_pb_text _builder_version=&#8221;4.9.0&#8243;]<\/p>\n<h1 class=\"title\"><span style=\"color: #ffffff;\">Anima\u00e7\u00e3o Cultural <\/span><\/h1>\n<p>[\/et_pb_text][\/et_pb_column][\/et_pb_row][\/et_pb_section][et_pb_section fb_built=&#8221;1&#8243; _builder_version=&#8221;4.0.5&#8243;][et_pb_row _builder_version=&#8221;4.0.5&#8243;][et_pb_column type=&#8221;4_4&#8243; _builder_version=&#8221;4.0.5&#8243;][et_pb_text _builder_version=&#8221;4.9.0&#8243; header_text_color=&#8221;#fecd08&#8243;]<\/p>\n<p style=\"text-align: justify;\">\u201c<em>A Arte abre janelas capazes de construir e despertar uma aprendizagem importante no desenvolvimento intelectual e criativo das crian\u00e7as<\/em>\u201d. <br \/>Fernanda Gusen.<\/p>\n<p style=\"text-align: justify;\">A abordagem \u00e0s diferentes linguagens art\u00edsticas como metodologia de interven\u00e7\u00e3o na inf\u00e2ncia auxilia no desenvolvimento de aptid\u00f5es art\u00edsticas, sendo importantes para a reflex\u00e3o, a aprecia\u00e7\u00e3o e a produ\u00e7\u00e3o durante a aprendizagem.<\/p>\n<p style=\"text-align: justify;\">Partindo da abordagem \u00e0 Arte como instrumento pedag\u00f3gico, as crian\u00e7as desenvolvem integralmente os aspetos intelectuais, emocionais, sociais, percetivos, f\u00edsicos, est\u00e9ticos e criativos. Deste modo o contato com diferentes linguagens art\u00edsticas de Arte \u00e9 um instrumento did\u00e1tico importante para a compreens\u00e3o de si mesmo, da realidade, dos pr\u00f3prios sentimentos e das emo\u00e7\u00f5es.<\/p>\n<p style=\"text-align: justify;\">As linguagens art\u00edsticas podem ser respons\u00e1veis por iniciar a forma\u00e7\u00e3o cultural e a constru\u00e7\u00e3o de habilidades sensitivas e emotivas nas crian\u00e7as, no que envolve o campo de experi\u00eancia com tra\u00e7os, sons, cores e formas. A inf\u00e2ncia \u00e9 uma das fases mais importantes da vida do ser humano pois \u00e9 nesse momento que se constr\u00f3i a base para todos os outras aprendizagens. Desta forma \u00e9 importante estimular o lado art\u00edstico das crian\u00e7as, colaborando para o desenvolvimento de compet\u00eancias que contribuir\u00e3o para a criatividade, cidadania, autonomia e pensamento cr\u00edtico.<\/p>\n<p style=\"text-align: justify;\">A anima\u00e7\u00e3o cultural \u00e9 um dos pilares da interven\u00e7\u00e3o global da ACUREDE, sendo tamb\u00e9m um dos tr\u00eas princ\u00edpios fundamentais do MEM (Movimento da Escola Moderna). Est\u00e1 presente nos projetos pedag\u00f3gicos desde a Creche at\u00e9 ao CATL, sendo o seu maior enfoque na Educa\u00e7\u00e3o Pr\u00e9-Escolar, nomeadamente na sua Componente de Apoio \u00e0 Fam\u00edlia.<\/p>\n<p>[\/et_pb_text][\/et_pb_column][\/et_pb_row][et_pb_row _builder_version=&#8221;4.9.0&#8243; _module_preset=&#8221;default&#8221;][et_pb_column _builder_version=&#8221;4.9.0&#8243; _module_preset=&#8221;default&#8221; type=&#8221;4_4&#8243;][et_pb_gallery _builder_version=&#8221;4.9.0&#8243; _module_preset=&#8221;default&#8221; posts_number=&#8221;50&#8243; gallery_ids=&#8221;1570,1571,1572,1573,1574,1575,1576,1577,1578,1579,1580,1581,1582,1583,1584,1585,1586,1587&#8243; show_title_and_caption=&#8221;off&#8221; hover_enabled=&#8221;0&#8243; sticky_enabled=&#8221;0&#8243;][\/et_pb_gallery][\/et_pb_column][\/et_pb_row][\/et_pb_section]<\/p>\n","protected":false},"excerpt":{"rendered":"<p>Anima\u00e7\u00e3o Cultural \u201cA Arte abre janelas capazes de construir e despertar uma aprendizagem importante no desenvolvimento intelectual e criativo das crian\u00e7as\u201d. Fernanda Gusen. A abordagem \u00e0s diferentes linguagens art\u00edsticas como metodologia de interven\u00e7\u00e3o na inf\u00e2ncia auxilia no desenvolvimento de aptid\u00f5es art\u00edsticas, sendo importantes para a reflex\u00e3o, a aprecia\u00e7\u00e3o e a produ\u00e7\u00e3o durante a aprendizagem. Partindo [&hellip;]<\/p>\n","protected":false},"author":4,"featured_media":0,"parent":0,"menu_order":0,"comment_status":"closed","ping_status":"closed","template":"","meta":{"_et_pb_use_builder":"on","_et_pb_old_content":"","_et_gb_content_width":"","footnotes":""},"class_list":["post-1238","page","type-page","status-publish","hentry"],"_links":{"self":[{"href":"https:\/\/www.acurede.pt\/novo\/wp-json\/wp\/v2\/pages\/1238","targetHints":{"allow":["GET"]}}],"collection":[{"href":"https:\/\/www.acurede.pt\/novo\/wp-json\/wp\/v2\/pages"}],"about":[{"href":"https:\/\/www.acurede.pt\/novo\/wp-json\/wp\/v2\/types\/page"}],"author":[{"embeddable":true,"href":"https:\/\/www.acurede.pt\/novo\/wp-json\/wp\/v2\/users\/4"}],"replies":[{"embeddable":true,"href":"https:\/\/www.acurede.pt\/novo\/wp-json\/wp\/v2\/comments?post=1238"}],"version-history":[{"count":5,"href":"https:\/\/www.acurede.pt\/novo\/wp-json\/wp\/v2\/pages\/1238\/revisions"}],"predecessor-version":[{"id":1588,"href":"https:\/\/www.acurede.pt\/novo\/wp-json\/wp\/v2\/pages\/1238\/revisions\/1588"}],"wp:attachment":[{"href":"https:\/\/www.acurede.pt\/novo\/wp-json\/wp\/v2\/media?parent=1238"}],"curies":[{"name":"wp","href":"https:\/\/api.w.org\/{rel}","templated":true}]}}