{"id":1289,"date":"2021-03-02T12:08:04","date_gmt":"2021-03-02T12:08:04","guid":{"rendered":"https:\/\/www.acurede.pt\/novo\/?page_id=1289"},"modified":"2023-05-31T17:05:23","modified_gmt":"2023-05-31T17:05:23","slug":"cozinhas-de-lama","status":"publish","type":"page","link":"https:\/\/www.acurede.pt\/novo\/cozinhas-de-lama\/","title":{"rendered":"Cozinhas de Lama"},"content":{"rendered":"<p>[et_pb_section fb_built=&#8221;1&#8243; _builder_version=&#8221;4.0.5&#8243; background_color=&#8221;rgba(0,0,0,0)&#8221; background_image=&#8221;https:\/\/www.acurede.pt\/novo\/wp-content\/uploads\/2014\/10\/home_sitter_subheader.jpg&#8221; background_position=&#8221;bottom_center&#8221;][et_pb_row _builder_version=&#8221;4.0.5&#8243;][et_pb_column type=&#8221;4_4&#8243; _builder_version=&#8221;4.0.5&#8243;][et_pb_text _builder_version=&#8221;4.9.0&#8243;]<\/p>\n<h1 class=\"title\"><span style=\"color: #ffffff;\">Cozinhas de Lama<\/span><\/h1>\n<p>[\/et_pb_text][\/et_pb_column][\/et_pb_row][\/et_pb_section][et_pb_section fb_built=&#8221;1&#8243; _builder_version=&#8221;4.0.5&#8243;][et_pb_row _builder_version=&#8221;4.0.5&#8243;][et_pb_column type=&#8221;4_4&#8243; _builder_version=&#8221;4.0.5&#8243;][et_pb_text _builder_version=&#8221;4.9.0&#8243; header_text_color=&#8221;#fecd08&#8243;]<\/p>\n<p style=\"text-align: justify;\">\u201c<em>h\u00e1 poucas coisas importantes no nosso mundo f\u00edsico do que a terra e a \u00e1gua, que s\u00e3o coisas realmente intrigantes, especialmente quando interagimos com elas. Misturar terra, \u00e1gua e toda uma variedade de outros materiais naturais tem um papel funcional na inf\u00e2ncia pelas profundas e infinitas possibilidades de proporcionar bem-estar, desenvolvimento e aprendizagem. A amplitude e profundidade do que estas experi\u00eancias oferecem \u00e0s crian\u00e7as \u00e9 verdadeiramente not\u00e1vel<\/em>\u201d <br \/>White (2014)<\/p>\n<p style=\"text-align: justify;\">As cozinhas de lama em espa\u00e7os exteriores s\u00e3o pertinentes nos contextos educativos, pois trazem consigo muitos benef\u00edcios para o bem-estar e desenvolvimento da crian\u00e7a. As crian\u00e7as s\u00e3o extremamente interessadas e biologicamente programadas para explorar as coisas da Natureza, sobre como os materiais se comportam e o que podem fazer com eles. Estabelecer rela\u00e7\u00f5es atrav\u00e9s da descoberta e investiga\u00e7\u00e3o de causa-efeito \u00e9 o material de desenvolvimento do c\u00e9rebro e do sistema cient\u00edfico. A curiosidade, o fasc\u00ednio e o prazer de descobrir s\u00e3o de enorme import\u00e2ncia para o ser humano. O processo de fazer misturas, criando coisas, aproxima os mundos da ci\u00eancia, e da arte pela imagina\u00e7\u00e3o de possibilidades. A experi\u00eancia de conceber misturas traz a crian\u00e7a para os reinos da magia e da fantasia (White, 2014). A cozinha de lama \u00e9 um lugar potenciador de experi\u00eancias ricas em intera\u00e7\u00e3o entre adultos e crian\u00e7as que promovem a partilha, di\u00e1logo, coopera\u00e7\u00e3o e negocia\u00e7\u00e3o. A cozinha de lama \u00e9 um lugar onde se privilegia o brincar faz de conta, no qual \u00e9 estimulada a imagina\u00e7\u00e3o e a criatividade. Por ser um espa\u00e7o pr\u00f3ximo ao contexto familiar, as crian\u00e7as representam modelos e a\u00e7\u00f5es que conhecem, que est\u00e3o habituados a vivenciar no seu dia a dia e que s\u00e3o importantes. Os objetos dispon\u00edveis na cozinha de lama t\u00eam v\u00e1rias utilidades, o que contribui para o desenvolvimento de um pensamento criativo e divergente. A cozinha permite que as crian\u00e7as reinventem novas utiliza\u00e7\u00f5es para os objetos, atribuindo-lhes assim diferentes significados e fun\u00e7\u00f5es, adaptando-os em fun\u00e7\u00e3o das suas atividades e interesses.<\/p>\n<p>[\/et_pb_text][\/et_pb_column][\/et_pb_row][et_pb_row _builder_version=&#8221;4.9.0&#8243; _module_preset=&#8221;default&#8221;][et_pb_column _builder_version=&#8221;4.9.0&#8243; _module_preset=&#8221;default&#8221; type=&#8221;4_4&#8243;][et_pb_gallery _builder_version=&#8221;4.9.0&#8243; _module_preset=&#8221;default&#8221; posts_number=&#8221;50&#8243; gallery_ids=&#8221;1514,1515,1516,1517,1518,1519,1520,1521,1522,1523,1524,1525,1526,1527,1528,1529,1530,1531,1532,1533,1534,1535,1536,1537,1538,1539,1540,1541,1542,1543,1544,1545,1546,1547,1548,1549,1550,1551,1552,1553,1554,1555,1556,1557,1558&#8243; show_title_and_caption=&#8221;off&#8221; hover_enabled=&#8221;0&#8243; sticky_enabled=&#8221;0&#8243;][\/et_pb_gallery][\/et_pb_column][\/et_pb_row][\/et_pb_section]<\/p>\n","protected":false},"excerpt":{"rendered":"<p>Cozinhas de Lama\u201ch\u00e1 poucas coisas importantes no nosso mundo f\u00edsico do que a terra e a \u00e1gua, que s\u00e3o coisas realmente intrigantes, especialmente quando interagimos com elas. Misturar terra, \u00e1gua e toda uma variedade de outros materiais naturais tem um papel funcional na inf\u00e2ncia pelas profundas e infinitas possibilidades de proporcionar bem-estar, desenvolvimento e aprendizagem. [&hellip;]<\/p>\n","protected":false},"author":4,"featured_media":0,"parent":0,"menu_order":0,"comment_status":"closed","ping_status":"closed","template":"","meta":{"_et_pb_use_builder":"on","_et_pb_old_content":"","_et_gb_content_width":"","footnotes":""},"class_list":["post-1289","page","type-page","status-publish","hentry"],"_links":{"self":[{"href":"https:\/\/www.acurede.pt\/novo\/wp-json\/wp\/v2\/pages\/1289","targetHints":{"allow":["GET"]}}],"collection":[{"href":"https:\/\/www.acurede.pt\/novo\/wp-json\/wp\/v2\/pages"}],"about":[{"href":"https:\/\/www.acurede.pt\/novo\/wp-json\/wp\/v2\/types\/page"}],"author":[{"embeddable":true,"href":"https:\/\/www.acurede.pt\/novo\/wp-json\/wp\/v2\/users\/4"}],"replies":[{"embeddable":true,"href":"https:\/\/www.acurede.pt\/novo\/wp-json\/wp\/v2\/comments?post=1289"}],"version-history":[{"count":5,"href":"https:\/\/www.acurede.pt\/novo\/wp-json\/wp\/v2\/pages\/1289\/revisions"}],"predecessor-version":[{"id":1559,"href":"https:\/\/www.acurede.pt\/novo\/wp-json\/wp\/v2\/pages\/1289\/revisions\/1559"}],"wp:attachment":[{"href":"https:\/\/www.acurede.pt\/novo\/wp-json\/wp\/v2\/media?parent=1289"}],"curies":[{"name":"wp","href":"https:\/\/api.w.org\/{rel}","templated":true}]}}