{"id":1307,"date":"2021-03-02T12:14:32","date_gmt":"2021-03-02T12:14:32","guid":{"rendered":"https:\/\/www.acurede.pt\/novo\/?page_id=1307"},"modified":"2023-05-31T17:05:20","modified_gmt":"2023-05-31T17:05:20","slug":"amigos-com-patas","status":"publish","type":"page","link":"https:\/\/www.acurede.pt\/novo\/amigos-com-patas\/","title":{"rendered":"Amigos com Patas"},"content":{"rendered":"<p>[et_pb_section fb_built=&#8221;1&#8243; _builder_version=&#8221;4.0.5&#8243; background_color=&#8221;rgba(0,0,0,0)&#8221; background_image=&#8221;https:\/\/www.acurede.pt\/novo\/wp-content\/uploads\/2014\/10\/home_sitter_subheader.jpg&#8221; background_position=&#8221;bottom_center&#8221;][et_pb_row _builder_version=&#8221;4.0.5&#8243;][et_pb_column type=&#8221;4_4&#8243; _builder_version=&#8221;4.0.5&#8243;][et_pb_text _builder_version=&#8221;4.9.0&#8243;]<\/p>\n<h1 class=\"title\"><span style=\"color: #ffffff;\">Amigos com Patas <\/span><\/h1>\n<p>[\/et_pb_text][\/et_pb_column][\/et_pb_row][\/et_pb_section][et_pb_section fb_built=&#8221;1&#8243; _builder_version=&#8221;4.0.5&#8243;][et_pb_row _builder_version=&#8221;4.0.5&#8243;][et_pb_column type=&#8221;4_4&#8243; _builder_version=&#8221;4.0.5&#8243;][et_pb_text _builder_version=&#8221;4.9.0&#8243; header_text_color=&#8221;#fecd08&#8243;]<\/p>\n<p style=\"text-align: justify;\">\u201c<em>Quando se educa crian\u00e7as, n\u00e3o queremos s\u00f3 mostrar-lhes que um tigre ou um touro tem pelo e quatro patas. Esperamos passar-lhes valores de integridade, respeito ambiental e considera\u00e7\u00e3o pelo sofrimento alheio<\/em>.\u201d<br \/>Leonor Galhardo<\/p>\n<p style=\"text-align: justify;\">O contacto com os animais oferece-nos uma s\u00e9rie de experi\u00eancias, muito para al\u00e9m do conhecimento de diferentes animais, das suas caracter\u00edsticas e modo de vida. <br \/>Este projeto surge com o apoio das fam\u00edlias que connosco colaboraram e permitiram ter atualmente v\u00e1rios animais como galinhas, patos, porquinhos-da-\u00edndia e coelhos. Os cuidados a ter com os animais come\u00e7am desde cedo a ser incutidos \u00e0s crian\u00e7as e todos os grupos t\u00eam responsabilidades atribu\u00eddas, nomeadamente com a alimenta\u00e7\u00e3o dos mesmos. <br \/>Este \u00e9 um projeto extremamente acarinhado pelas crian\u00e7as que gostam muitos dos animais e sentem-se respons\u00e1veis pelos mesmos!<\/p>\n<p>[\/et_pb_text][\/et_pb_column][\/et_pb_row][et_pb_row _builder_version=&#8221;4.9.0&#8243; _module_preset=&#8221;default&#8221;][et_pb_column _builder_version=&#8221;4.9.0&#8243; _module_preset=&#8221;default&#8221; type=&#8221;4_4&#8243;][et_pb_gallery _builder_version=&#8221;4.9.0&#8243; _module_preset=&#8221;default&#8221; posts_number=&#8221;50&#8243; gallery_ids=&#8221;1469,1470,1471,1472,1473,1474,1475,1476,1477,1478,1479,1480,1481,1482,1483,1484,1485,1486,1487,1488,1489,1490,1491,1492,1493&#8243; show_title_and_caption=&#8221;off&#8221; hover_enabled=&#8221;0&#8243; sticky_enabled=&#8221;0&#8243;][\/et_pb_gallery][\/et_pb_column][\/et_pb_row][\/et_pb_section]<\/p>\n","protected":false},"excerpt":{"rendered":"<p>Amigos com Patas \u201cQuando se educa crian\u00e7as, n\u00e3o queremos s\u00f3 mostrar-lhes que um tigre ou um touro tem pelo e quatro patas. Esperamos passar-lhes valores de integridade, respeito ambiental e considera\u00e7\u00e3o pelo sofrimento alheio.\u201dLeonor Galhardo O contacto com os animais oferece-nos uma s\u00e9rie de experi\u00eancias, muito para al\u00e9m do conhecimento de diferentes animais, das suas [&hellip;]<\/p>\n","protected":false},"author":4,"featured_media":0,"parent":0,"menu_order":0,"comment_status":"closed","ping_status":"closed","template":"","meta":{"_et_pb_use_builder":"on","_et_pb_old_content":"","_et_gb_content_width":"","footnotes":""},"class_list":["post-1307","page","type-page","status-publish","hentry"],"_links":{"self":[{"href":"https:\/\/www.acurede.pt\/novo\/wp-json\/wp\/v2\/pages\/1307","targetHints":{"allow":["GET"]}}],"collection":[{"href":"https:\/\/www.acurede.pt\/novo\/wp-json\/wp\/v2\/pages"}],"about":[{"href":"https:\/\/www.acurede.pt\/novo\/wp-json\/wp\/v2\/types\/page"}],"author":[{"embeddable":true,"href":"https:\/\/www.acurede.pt\/novo\/wp-json\/wp\/v2\/users\/4"}],"replies":[{"embeddable":true,"href":"https:\/\/www.acurede.pt\/novo\/wp-json\/wp\/v2\/comments?post=1307"}],"version-history":[{"count":6,"href":"https:\/\/www.acurede.pt\/novo\/wp-json\/wp\/v2\/pages\/1307\/revisions"}],"predecessor-version":[{"id":1494,"href":"https:\/\/www.acurede.pt\/novo\/wp-json\/wp\/v2\/pages\/1307\/revisions\/1494"}],"wp:attachment":[{"href":"https:\/\/www.acurede.pt\/novo\/wp-json\/wp\/v2\/media?parent=1307"}],"curies":[{"name":"wp","href":"https:\/\/api.w.org\/{rel}","templated":true}]}}