{"id":1340,"date":"2021-03-02T12:29:44","date_gmt":"2021-03-02T12:29:44","guid":{"rendered":"https:\/\/www.acurede.pt\/novo\/?page_id=1340"},"modified":"2023-05-31T17:05:24","modified_gmt":"2023-05-31T17:05:24","slug":"maos-na-massa","status":"publish","type":"page","link":"https:\/\/www.acurede.pt\/novo\/maos-na-massa\/","title":{"rendered":"M\u00e3os na Massa"},"content":{"rendered":"<p>[et_pb_section fb_built=&#8221;1&#8243; _builder_version=&#8221;4.0.5&#8243; background_color=&#8221;rgba(0,0,0,0)&#8221; background_image=&#8221;https:\/\/www.acurede.pt\/novo\/wp-content\/uploads\/2014\/10\/home_sitter_subheader.jpg&#8221; background_position=&#8221;bottom_center&#8221;][et_pb_row _builder_version=&#8221;4.0.5&#8243;][et_pb_column type=&#8221;4_4&#8243; _builder_version=&#8221;4.0.5&#8243;][et_pb_text _builder_version=&#8221;4.9.0&#8243;]<\/p>\n<h1 class=\"title\"><span style=\"color: #ffffff;\">M\u00e3os na Massa<\/span><\/h1>\n<p>[\/et_pb_text][\/et_pb_column][\/et_pb_row][\/et_pb_section][et_pb_section fb_built=&#8221;1&#8243; _builder_version=&#8221;4.0.5&#8243;][et_pb_row _builder_version=&#8221;4.0.5&#8243;][et_pb_column type=&#8221;4_4&#8243; _builder_version=&#8221;4.0.5&#8243;][et_pb_text _builder_version=&#8221;4.9.0&#8243; header_text_color=&#8221;#fecd08&#8243;]<\/p>\n<p style=\"text-align: justify;\">Colhemos o que plantamos na nossa horta e preparamos os nossos pr\u00f3prios alimentos, conscientes que s\u00e3o alimentos saud\u00e1veis ao nosso crescimento! Vivemos com o corpo tantas aprendizagens transversais a todas as \u00e1reas (sa\u00fade, matem\u00e1tica, ci\u00eancias). E, no final, saboreamos inesgot\u00e1veis formas da nossa cultura alimentar!<\/p>\n<p>[\/et_pb_text][\/et_pb_column][\/et_pb_row][et_pb_row _builder_version=&#8221;4.9.0&#8243; _module_preset=&#8221;default&#8221;][et_pb_column _builder_version=&#8221;4.9.0&#8243; _module_preset=&#8221;default&#8221; type=&#8221;4_4&#8243;][et_pb_gallery _builder_version=&#8221;4.9.0&#8243; _module_preset=&#8221;default&#8221; posts_number=&#8221;100&#8243; hover_enabled=&#8221;0&#8243; sticky_enabled=&#8221;0&#8243; gallery_ids=&#8221;1369,1370,1371,1372,1373,1374,1375,1376,1377,1378,1379,1380,1381,1382,1383,1384,1385,1386,1387,1388,1389,1390,1391,1392,1393,1394,1395,1396,1397,1398,1399,1400,1401,1402,1403,1404,1405,1406,1407,1408,1409,1410,1411,1412,1413,1414,1415,1416,1417,1418&#8243; show_title_and_caption=&#8221;off&#8221;][\/et_pb_gallery][\/et_pb_column][\/et_pb_row][\/et_pb_section]<\/p>\n","protected":false},"excerpt":{"rendered":"<p>M\u00e3os na MassaColhemos o que plantamos na nossa horta e preparamos os nossos pr\u00f3prios alimentos, conscientes que s\u00e3o alimentos saud\u00e1veis ao nosso crescimento! Vivemos com o corpo tantas aprendizagens transversais a todas as \u00e1reas (sa\u00fade, matem\u00e1tica, ci\u00eancias). E, no final, saboreamos inesgot\u00e1veis formas da nossa cultura alimentar!<\/p>\n","protected":false},"author":4,"featured_media":0,"parent":0,"menu_order":0,"comment_status":"closed","ping_status":"closed","template":"","meta":{"_et_pb_use_builder":"on","_et_pb_old_content":"","_et_gb_content_width":"","footnotes":""},"class_list":["post-1340","page","type-page","status-publish","hentry"],"_links":{"self":[{"href":"https:\/\/www.acurede.pt\/novo\/wp-json\/wp\/v2\/pages\/1340","targetHints":{"allow":["GET"]}}],"collection":[{"href":"https:\/\/www.acurede.pt\/novo\/wp-json\/wp\/v2\/pages"}],"about":[{"href":"https:\/\/www.acurede.pt\/novo\/wp-json\/wp\/v2\/types\/page"}],"author":[{"embeddable":true,"href":"https:\/\/www.acurede.pt\/novo\/wp-json\/wp\/v2\/users\/4"}],"replies":[{"embeddable":true,"href":"https:\/\/www.acurede.pt\/novo\/wp-json\/wp\/v2\/comments?post=1340"}],"version-history":[{"count":4,"href":"https:\/\/www.acurede.pt\/novo\/wp-json\/wp\/v2\/pages\/1340\/revisions"}],"predecessor-version":[{"id":1419,"href":"https:\/\/www.acurede.pt\/novo\/wp-json\/wp\/v2\/pages\/1340\/revisions\/1419"}],"wp:attachment":[{"href":"https:\/\/www.acurede.pt\/novo\/wp-json\/wp\/v2\/media?parent=1340"}],"curies":[{"name":"wp","href":"https:\/\/api.w.org\/{rel}","templated":true}]}}