{"id":160,"date":"2015-05-06T17:07:13","date_gmt":"2015-05-06T17:07:13","guid":{"rendered":"https:\/\/acurede.pt\/wp\/?page_id=160"},"modified":"2023-05-31T17:05:23","modified_gmt":"2023-05-31T17:05:23","slug":"galeria-fotografica","status":"publish","type":"page","link":"https:\/\/www.acurede.pt\/novo\/galeria-fotografica\/","title":{"rendered":"Galeria Fotogr\u00e1fica"},"content":{"rendered":"<p>[et_pb_section fb_built=&#8221;1&#8243; _builder_version=&#8221;4.0.5&#8243; background_color=&#8221;#0095eb&#8221; background_image=&#8221;https:\/\/www.acurede.pt\/novo\/wp-content\/uploads\/2014\/10\/home_sitter_subheader.jpg&#8221; background_position=&#8221;bottom_center&#8221;][et_pb_row _builder_version=&#8221;4.0.5&#8243;][et_pb_column type=&#8221;4_4&#8243; _builder_version=&#8221;4.0.5&#8243;][et_pb_text _builder_version=&#8221;4.0.5&#8243;]<\/p>\n<h1 class=\"title\"><span style=\"color: #ffffff;\">Galeria Fotogr\u00e1fica<\/span><\/h1>\n<p>[\/et_pb_text][\/et_pb_column][\/et_pb_row][\/et_pb_section][et_pb_section fb_built=&#8221;1&#8243; _builder_version=&#8221;4.0.5&#8243;][et_pb_row column_structure=&#8221;1_3,1_3,1_3&#8243; _builder_version=&#8221;4.0.5&#8243;][et_pb_column type=&#8221;1_3&#8243; _builder_version=&#8221;4.0.5&#8243;][et_pb_blurb title=&#8221;2015 |03|06 \u2013 Visita do Bispo D. Virgilio \u00e0 Acurede&#8221; image=&#8221;https:\/\/www.acurede.pt\/novo\/wp-content\/uploads\/2015\/05\/09-IMG_2478.jpg&#8221; _builder_version=&#8221;4.0.5&#8243; hover_enabled=&#8221;0&#8243; url=&#8221;https:\/\/www.facebook.com\/media\/set\/?set=a.817518611618965.1073741832.252425641461601&#038;type=3&#8243;]<\/p>\n<p><span>\u00c1lbum dispon\u00edvel no\u00a0<\/span><a href=\"https:\/\/www.facebook.com\/media\/set\/?set=a.817518611618965.1073741832.252425641461601&amp;type=3\" target=\"_blank\" rel=\"noopener noreferrer\">facebook.<\/a><\/p>\n<p>[\/et_pb_blurb][\/et_pb_column][et_pb_column type=&#8221;1_3&#8243; _builder_version=&#8221;4.0.5&#8243;][et_pb_blurb title=&#8221;2014 |11|30 \u2013 40\u00ba Anivers\u00e1rio da Acurede&#8221; image=&#8221;https:\/\/www.acurede.pt\/novo\/wp-content\/uploads\/2019\/11\/40_aniversario_acurede.jpg&#8221; _builder_version=&#8221;4.0.5&#8243; hover_enabled=&#8221;0&#8243; url=&#8221;https:\/\/www.facebook.com\/pg\/acurede\/photos\/?tab=album&#038;album_id=772823959421764&#038;ref=page_internal&#8221;]<\/p>\n<p><span>\u00c1lbum dispon\u00edvel no\u00a0<\/span><a href=\"https:\/\/www.facebook.com\/pg\/acurede\/photos\/?tab=album&amp;album_id=772823959421764&amp;ref=page_internal\" target=\"_blank\" rel=\"noopener noreferrer\">facebook.<\/a><\/p>\n<p>[\/et_pb_blurb][\/et_pb_column][et_pb_column type=&#8221;1_3&#8243; _builder_version=&#8221;4.0.5&#8243;][et_pb_blurb title=&#8221;2014 |06|01 \u2013 II Caminhada da Crian\u00e7a&#8221; image=&#8221;https:\/\/www.acurede.pt\/novo\/wp-content\/uploads\/2019\/11\/2_caminhada_acurede.jpg&#8221; _builder_version=&#8221;4.0.5&#8243; hover_enabled=&#8221;0&#8243; url=&#8221;https:\/\/www.facebook.com\/pg\/acurede\/photos\/?tab=album&#038;album_id=690250597679101&#038;ref=page_internal&#8221;]<\/p>\n<p><span>\u00c1lbum dispon\u00edvel no\u00a0<\/span><a href=\"https:\/\/www.facebook.com\/pg\/acurede\/photos\/?tab=album&amp;album_id=690250597679101&amp;ref=page_internal\" target=\"_blank\" rel=\"noopener noreferrer\">facebook.<\/a><\/p>\n<p>[\/et_pb_blurb][\/et_pb_column][\/et_pb_row][\/et_pb_section]<\/p>\n","protected":false},"excerpt":{"rendered":"<p>Galeria Fotogr\u00e1fica\u00c1lbum dispon\u00edvel no\u00a0facebook.\u00c1lbum dispon\u00edvel no\u00a0facebook.\u00c1lbum dispon\u00edvel no\u00a0facebook.<\/p>\n","protected":false},"author":3,"featured_media":0,"parent":0,"menu_order":0,"comment_status":"closed","ping_status":"closed","template":"","meta":{"_et_pb_use_builder":"on","_et_pb_old_content":"[vc_row full_width=\"\" parallax=\"\" parallax_image=\"\"][vc_column width=\"1\/1\"][vc_column_text]\r\n<h4>2015 |03|06 - Visita do Bispo D. Virgilio \u00e0 Acurede<\/h4>\r\nEste \u00e1lbum tamb\u00e9m est\u00e1 dispon\u00edvel no <a href=\"https:\/\/www.facebook.com\/media\/set\/?set=a.817518611618965.1073741832.252425641461601&amp;type=3\" target=\"_blank\">facebook.<\/a>[\/vc_column_text][\/vc_column][\/vc_row][vc_row full_width=\"\" parallax=\"\" parallax_image=\"\"][vc_column width=\"1\/1\"][vc_masonry_media_grid style=\"all\" items_per_page=\"10\" element_width=\"2\" gap=\"5\" button_style=\"rounded\" button_color=\"blue\" button_size=\"md\" arrows_design=\"none\" arrows_position=\"inside\" arrows_color=\"blue\" paging_design=\"radio_dots\" paging_color=\"grey\" loop=\"\" autoplay=\"-1\" item=\"masonryMedia_BorderedScale\" grid_id=\"vc_gid:1430932716460-da024321-1a28-8\" include=\"161,162,163,164,165,166,167,169,170,171,172\"][\/vc_column][\/vc_row][vc_row full_width=\"\" parallax=\"\" parallax_image=\"\" el_id=\"\"][vc_column width=\"1\/1\"][vc_column_text]\r\n<h4>2014 |11|30 - 40\u00ba\u00a0Anivers\u00e1rio da Acurede<\/h4>\r\n[\/vc_column_text][\/vc_column][\/vc_row][vc_row full_width=\"\" parallax=\"\" parallax_image=\"\"][vc_column width=\"1\/1\"][vc_masonry_media_grid style=\"all\" items_per_page=\"10\" element_width=\"2\" gap=\"5\" button_style=\"rounded\" button_color=\"blue\" button_size=\"md\" arrows_design=\"none\" arrows_position=\"inside\" arrows_color=\"blue\" paging_design=\"radio_dots\" paging_color=\"grey\" loop=\"\" autoplay=\"-1\" item=\"masonryMedia_BorderedScale\" grid_id=\"vc_gid:1430937257523-4ff3f2d7-3860-5\" include=\"220,221,222,223,224,225,226,227,228,229,230,231,232,233,213,214,236,219,234,235\"][\/vc_column][\/vc_row][vc_row full_width=\"\" parallax=\"\" parallax_image=\"\" el_id=\"\"][vc_column width=\"1\/1\"][vc_column_text css_animation=\"\"]\r\n<h4>2014 |06|01 -\u00a0II Caminhada da Crian\u00e7a<\/h4>\r\n[\/vc_column_text][\/vc_column][\/vc_row][vc_row full_width=\"\" parallax=\"\" parallax_image=\"\"][vc_column width=\"1\/1\"][vc_masonry_media_grid style=\"all\" items_per_page=\"10\" element_width=\"2\" gap=\"5\" button_style=\"rounded\" button_color=\"blue\" arrows_color=\"blue\" paging_design=\"radio_dots\" paging_color=\"blue\" loop=\"\" autoplay=\"-1\" item=\"masonryMedia_BorderedScale\" grid_id=\"vc_gid:1430933271218-fc822aaf-76aa-7\" include=\"182,183,185,187,188,190,191,192,194,195,196,197,199,200,201,202,204,205,206,207,208,209,210\"][\/vc_column][\/vc_row]","_et_gb_content_width":"","footnotes":""},"class_list":["post-160","page","type-page","status-publish","hentry"],"_links":{"self":[{"href":"https:\/\/www.acurede.pt\/novo\/wp-json\/wp\/v2\/pages\/160","targetHints":{"allow":["GET"]}}],"collection":[{"href":"https:\/\/www.acurede.pt\/novo\/wp-json\/wp\/v2\/pages"}],"about":[{"href":"https:\/\/www.acurede.pt\/novo\/wp-json\/wp\/v2\/types\/page"}],"author":[{"embeddable":true,"href":"https:\/\/www.acurede.pt\/novo\/wp-json\/wp\/v2\/users\/3"}],"replies":[{"embeddable":true,"href":"https:\/\/www.acurede.pt\/novo\/wp-json\/wp\/v2\/comments?post=160"}],"version-history":[{"count":22,"href":"https:\/\/www.acurede.pt\/novo\/wp-json\/wp\/v2\/pages\/160\/revisions"}],"predecessor-version":[{"id":1055,"href":"https:\/\/www.acurede.pt\/novo\/wp-json\/wp\/v2\/pages\/160\/revisions\/1055"}],"wp:attachment":[{"href":"https:\/\/www.acurede.pt\/novo\/wp-json\/wp\/v2\/media?parent=160"}],"curies":[{"name":"wp","href":"https:\/\/api.w.org\/{rel}","templated":true}]}}