{"id":344,"date":"2015-12-03T15:59:03","date_gmt":"2015-12-03T15:59:03","guid":{"rendered":"https:\/\/acurede.pt\/wp\/?page_id=344"},"modified":"2024-08-28T13:47:24","modified_gmt":"2024-08-28T13:47:24","slug":"pre-escolar","status":"publish","type":"page","link":"https:\/\/www.acurede.pt\/novo\/pre-escolar\/","title":{"rendered":"Pr\u00e9-Escolar"},"content":{"rendered":"<p>[et_pb_section fb_built=&#8221;1&#8243; _builder_version=&#8221;4.16&#8243; background_color=&#8221;rgba(0,0,0,0)&#8221; background_image=&#8221;https:\/\/www.acurede.pt\/novo\/wp-content\/uploads\/2014\/10\/home_sitter_subheader.jpg&#8221; background_position=&#8221;bottom_center&#8221; locked=&#8221;off&#8221; global_colors_info=&#8221;{}&#8221;][et_pb_row _builder_version=&#8221;4.16&#8243; global_colors_info=&#8221;{}&#8221;][et_pb_column type=&#8221;4_4&#8243; _builder_version=&#8221;4.16&#8243; global_colors_info=&#8221;{}&#8221;][et_pb_text _builder_version=&#8221;4.16&#8243; global_colors_info=&#8221;{}&#8221;]<\/p>\n<h1 class=\"title\"><span style=\"color: #ffffff;\">Pr\u00e9-Escolar<\/span><\/h1>\n<p>[\/et_pb_text][\/et_pb_column][\/et_pb_row][\/et_pb_section][et_pb_section fb_built=&#8221;1&#8243; _builder_version=&#8221;4.16&#8243; custom_padding=&#8221;||3px|||&#8221; global_colors_info=&#8221;{}&#8221;][et_pb_row column_structure=&#8221;1_4,1_2,1_4&#8243; _builder_version=&#8221;4.16&#8243; global_colors_info=&#8221;{}&#8221;][et_pb_column type=&#8221;1_4&#8243; _builder_version=&#8221;4.16&#8243; global_colors_info=&#8221;{}&#8221;][et_pb_image src=&#8221;https:\/\/www.acurede.pt\/novo\/wp-content\/uploads\/2015\/05\/jardim.png&#8221; _builder_version=&#8221;4.16&#8243; global_colors_info=&#8221;{}&#8221;][\/et_pb_image][\/et_pb_column][et_pb_column type=&#8221;1_2&#8243; _builder_version=&#8221;4.16&#8243; global_colors_info=&#8221;{}&#8221;][et_pb_text _builder_version=&#8221;4.16&#8243; global_colors_info=&#8221;{}&#8221;]<\/p>\n<h1>Pr\u00e9-Escolar<\/h1>\n<p style=\"text-align: justify;\"><span>Resposta Social destinada a crian\u00e7as dos 3 aos 6 anos de idade. A Educa\u00e7\u00e3o em Pr\u00e9-Escolar possui duas componentes, a componente educativa e a componente de apoio \u00e0 fam\u00edlia. O Jardim de Inf\u00e2ncia tem 3 salas que se destinam a diferentes idades: dos 3 aos 4 anos de idade, dos 4 aps 5 anos de idade e dos 5 aos 6 anos de idade. As crian\u00e7as das salas dos 3 aos 4 anos e dos 4 aos 5 anos fazem um repouso (sestas ap\u00f3s o almo\u00e7o) As crian\u00e7as dos 5 aos 6 anos j\u00e1 n\u00e3o t\u00eam tempo de sesta, pois t\u00eam que se preparar para os hor\u00e1rios que ir\u00e3o ter na escola prim\u00e1ria.<\/span><\/p>\n<hr class=\"hr_color\" \/>\n<h1>Componente Educativa<\/h1>\n<p><i class=\"fas fa-star\"> 5h\/letiva\/di\u00e1ria<\/i><\/p>\n<p><i class=\"fas fa-star\"> Atividades pedag\u00f3gicas realizadas consoante os projetos pedag\u00f3gicos de cada sala e de acordo com a planifica\u00e7\u00e3o semanal elaborada pela Educadora de Inf\u00e2ncia, nas diversas \u00e1reas de conte\u00fado de acordo com as orienta\u00e7\u00f5es do MEC. <\/i> <\/p>\n<p><i class=\"fas fa-star\"> Aulas de express\u00e3o musical com professor especializado. <\/i><\/p>\n<p><i class=\"fas fa-star\"> Aulas de inicia\u00e7\u00e3o \u00e0 l\u00edngua inglesa com professora especializada. <\/i><\/p>\n<p><i class=\"fas fa-star\"> Aula de psicomotricidade <\/i><\/p>\n<hr class=\"hr_color\" \/>\n<h1>Componente de Apoio \u00e0 Familia<\/h1>\n<p><i class=\"fas fa-star\"> Acolhimento das crian\u00e7as na manh\u00e3 <\/i><\/p>\n<p><i class=\"fas fa-star\"> Atividades ap\u00f3s o hor\u00e1rio letivo a at\u00e9 \u00e0 sa\u00edda das crian\u00e7as <\/i><\/p>\n<p><i class=\"fas fa-star\"> Atividades de car\u00e1ter l\u00fadico dinamizadas segundo um plano elaborado semanalmente, com a supervis\u00e3o da dire\u00e7\u00e3o pedag\u00f3gica. <\/i>[\/et_pb_text][\/et_pb_column][et_pb_column type=&#8221;1_4&#8243; _builder_version=&#8221;4.16&#8243; global_colors_info=&#8221;{}&#8221;][et_pb_text _builder_version=&#8221;4.27.0&#8243; hover_enabled=&#8221;0&#8243; global_colors_info=&#8221;{}&#8221; sticky_enabled=&#8221;0&#8243;]<\/p>\n<h4><a href=\"https:\/\/www.acurede.pt\/novo\/wp-content\/uploads\/2024\/08\/Reg.Interno_EPEACUREDE_2024_2025.pdf\" target=\"_blank\" rel=\"noopener noreferrer\">Consulte aqui o Regulamento Interno<\/a><\/h4>\n<hr class=\"hr_color\" \/>\n<h4><a href=\"https:\/\/acurede.pt\/wp\/inscricoes\/\">Informa\u00e7\u00e3o sobre Inscri\u00e7\u00f5es<\/a><\/h4>\n<hr class=\"hr_color\" \/>\n<h4><a href=\"https:\/\/acurede.pt\/wp\/wp-content\/uploads\/2014\/10\/2015_projeto_educativo.pdf\" target=\"_blank\" rel=\"noopener noreferrer\">Projeto Educativo<br \/>\n&#8220;Eu e os Espa\u00e7os&#8221;<br \/>\n2014\/2017<\/a><span><\/span><\/h4>\n<hr class=\"hr_color\" \/>\n<h4><\/h4>\n<p>[\/et_pb_text][\/et_pb_column][\/et_pb_row][\/et_pb_section]<\/p>\n","protected":false},"excerpt":{"rendered":"<p>Pr\u00e9-EscolarPr\u00e9-Escolar Resposta Social destinada a crian\u00e7as dos 3 aos 6 anos de idade. A Educa\u00e7\u00e3o em Pr\u00e9-Escolar possui duas componentes, a componente educativa e a componente de apoio \u00e0 fam\u00edlia. O Jardim de Inf\u00e2ncia tem 3 salas que se destinam a diferentes idades: dos 3 aos 4 anos de idade, dos 4 aps 5 anos [&hellip;]<\/p>\n","protected":false},"author":3,"featured_media":0,"parent":0,"menu_order":0,"comment_status":"closed","ping_status":"closed","template":"","meta":{"_et_pb_use_builder":"on","_et_pb_old_content":"[vc_row full_width=\"\" parallax=\"\" parallax_image=\"\"][vc_column width=\"1\/1\"][vc_column_text]\r\n<div class=\"section \" style=\"padding-top: 40px; padding-bottom: 0px; ; background-image: url('https:\/\/acurede.pt\/wp\/wp-content\/uploads\/2014\/10\/home_sitter_divider.png'); background-repeat: repeat; background-position: center;\"><\/div>\r\n[\/vc_column_text][\/vc_column][\/vc_row][vc_row full_width=\"\" parallax=\"\" parallax_image=\"\"][vc_column width=\"1\/1\"][vc_column_text]\r\n<h4>Galeria do Pr\u00e9-Escolar<\/h4>\r\n[\/vc_column_text][\/vc_column][\/vc_row][vc_row full_width=\"\" parallax=\"\" parallax_image=\"\" el_id=\"\"][vc_column width=\"1\/1\"][vc_masonry_media_grid style=\"all\" items_per_page=\"10\" element_width=\"2\" gap=\"5\" button_style=\"rounded\" button_color=\"blue\" button_size=\"md\" arrows_design=\"none\" arrows_position=\"inside\" arrows_color=\"blue\" paging_design=\"radio_dots\" paging_color=\"grey\" loop=\"\" autoplay=\"-1\" item=\"masonryMedia_BorderedScale\" grid_id=\"vc_gid:1453288990264-101a47b1-387c-0\" include=\"346,347,463,348,349,351,352\"][\/vc_column][\/vc_row]","_et_gb_content_width":"","footnotes":""},"class_list":["post-344","page","type-page","status-publish","hentry"],"_links":{"self":[{"href":"https:\/\/www.acurede.pt\/novo\/wp-json\/wp\/v2\/pages\/344","targetHints":{"allow":["GET"]}}],"collection":[{"href":"https:\/\/www.acurede.pt\/novo\/wp-json\/wp\/v2\/pages"}],"about":[{"href":"https:\/\/www.acurede.pt\/novo\/wp-json\/wp\/v2\/types\/page"}],"author":[{"embeddable":true,"href":"https:\/\/www.acurede.pt\/novo\/wp-json\/wp\/v2\/users\/3"}],"replies":[{"embeddable":true,"href":"https:\/\/www.acurede.pt\/novo\/wp-json\/wp\/v2\/comments?post=344"}],"version-history":[{"count":21,"href":"https:\/\/www.acurede.pt\/novo\/wp-json\/wp\/v2\/pages\/344\/revisions"}],"predecessor-version":[{"id":1848,"href":"https:\/\/www.acurede.pt\/novo\/wp-json\/wp\/v2\/pages\/344\/revisions\/1848"}],"wp:attachment":[{"href":"https:\/\/www.acurede.pt\/novo\/wp-json\/wp\/v2\/media?parent=344"}],"curies":[{"name":"wp","href":"https:\/\/api.w.org\/{rel}","templated":true}]}}