{"id":460,"date":"2016-01-20T10:14:46","date_gmt":"2016-01-20T10:14:46","guid":{"rendered":"https:\/\/acurede.pt\/wp\/?page_id=460"},"modified":"2023-05-31T17:05:23","modified_gmt":"2023-05-31T17:05:23","slug":"inscricoes","status":"publish","type":"page","link":"https:\/\/www.acurede.pt\/novo\/inscricoes\/","title":{"rendered":"Informa\u00e7\u00e3o sobre Inscri\u00e7\u00f5es"},"content":{"rendered":"","protected":false},"excerpt":{"rendered":"","protected":false},"author":3,"featured_media":0,"parent":0,"menu_order":0,"comment_status":"closed","ping_status":"closed","template":"","meta":{"_et_pb_use_builder":"","_et_pb_old_content":"","_et_gb_content_width":"","footnotes":""},"class_list":["post-460","page","type-page","status-publish","hentry"],"_links":{"self":[{"href":"https:\/\/www.acurede.pt\/novo\/wp-json\/wp\/v2\/pages\/460","targetHints":{"allow":["GET"]}}],"collection":[{"href":"https:\/\/www.acurede.pt\/novo\/wp-json\/wp\/v2\/pages"}],"about":[{"href":"https:\/\/www.acurede.pt\/novo\/wp-json\/wp\/v2\/types\/page"}],"author":[{"embeddable":true,"href":"https:\/\/www.acurede.pt\/novo\/wp-json\/wp\/v2\/users\/3"}],"replies":[{"embeddable":true,"href":"https:\/\/www.acurede.pt\/novo\/wp-json\/wp\/v2\/comments?post=460"}],"version-history":[{"count":1,"href":"https:\/\/www.acurede.pt\/novo\/wp-json\/wp\/v2\/pages\/460\/revisions"}],"predecessor-version":[{"id":461,"href":"https:\/\/www.acurede.pt\/novo\/wp-json\/wp\/v2\/pages\/460\/revisions\/461"}],"wp:attachment":[{"href":"https:\/\/www.acurede.pt\/novo\/wp-json\/wp\/v2\/media?parent=460"}],"curies":[{"name":"wp","href":"https:\/\/api.w.org\/{rel}","templated":true}]}}