{"id":771,"date":"2019-11-06T15:40:30","date_gmt":"2019-11-06T15:40:30","guid":{"rendered":"https:\/\/www.acurede.pt\/novo\/?page_id=771"},"modified":"2023-05-31T17:05:24","modified_gmt":"2023-05-31T17:05:24","slug":"instalacoes","status":"publish","type":"page","link":"https:\/\/www.acurede.pt\/novo\/instalacoes\/","title":{"rendered":"Instala\u00e7\u00f5es"},"content":{"rendered":"<p>[et_pb_section fb_built=&#8221;1&#8243; _builder_version=&#8221;4.0.5&#8243; background_color=&#8221;#0095eb&#8221; hover_enabled=&#8221;0&#8243; background_image=&#8221;https:\/\/www.acurede.pt\/novo\/wp-content\/uploads\/2014\/10\/home_sitter_subheader.jpg&#8221; background_position=&#8221;bottom_center&#8221;][et_pb_row _builder_version=&#8221;4.0.5&#8243;][et_pb_column type=&#8221;4_4&#8243; _builder_version=&#8221;4.0.5&#8243;][et_pb_text _builder_version=&#8221;4.0.5&#8243;]<\/p>\n<h1 class=\"title\"><span style=\"color: #ffffff;\">Instala\u00e7\u00f5es<\/span><\/h1>\n<p>[\/et_pb_text][\/et_pb_column][\/et_pb_row][\/et_pb_section][et_pb_section fb_built=&#8221;1&#8243; _builder_version=&#8221;4.0.5&#8243;][et_pb_row column_structure=&#8221;1_2,1_2&#8243; _builder_version=&#8221;4.0.5&#8243;][et_pb_column type=&#8221;1_2&#8243; _builder_version=&#8221;4.0.5&#8243;][et_pb_text _builder_version=&#8221;4.0.5&#8243;]<\/p>\n<h1>Instala\u00e7\u00f5es<\/h1>\n<p style=\"text-align: justify;\">Creche- 1 ber\u00e7\u00e1rio e sala parque com frald\u00e1rio\/ 4 salas de atividades com instala\u00e7\u00f5es sanit\u00e1rias adequadas \u00e0s idades<\/p>\n<p style=\"text-align: justify;\">Educa\u00e7\u00e3o Pr\u00e9-Escolar: 3 salas de atividades com instala\u00e7\u00f5es sanit\u00e1rias adequadas \u00e0s idades<\/p>\n<p style=\"text-align: justify;\">CATL- 2 salas de atividades\/ 1 sala de estudo\/ instala\u00e7\u00f5es sanit\u00e1rias diferenciadas e adequadas \u00e0s idades<\/p>\n<p style=\"text-align: justify;\">Refeit\u00f3rio- comum e equipado com mobili\u00e1rio adequado a cada idade<\/p>\n<p style=\"text-align: justify;\">Espa\u00e7o polivalente- (para atividades de motricidade e com palco para realiza\u00e7\u00e3o de espet\u00e1culos, visualiza\u00e7\u00e3o de filmes, etc)<\/p>\n<p style=\"text-align: justify;\">Sala de Acolhimento\/ Polivalente- espa\u00e7o dedicado \u00e0 rece\u00e7\u00e3o e entrega das crian\u00e7as entre as 07:15h e as 09:00h e das 17:00h \u00e1s 19:00h, organizado por ateliers.<\/p>\n<p>[\/et_pb_text][\/et_pb_column][et_pb_column type=&#8221;1_2&#8243; _builder_version=&#8221;4.0.5&#8243;][et_pb_text _builder_version=&#8221;4.0.5&#8243;]<\/p>\n<h1>Espa\u00e7os exteriores:<\/h1>\n<p style=\"text-align: justify;\">\u2013 1 parque exterior cercado para crian\u00e7as de 1 aos 3 anos de idade;<\/p>\n<p style=\"text-align: justify;\">\u2013 1 parque exterior cercado para crian\u00e7as dos 3 aos 10 anos de idade;<\/p>\n<p style=\"text-align: justify;\">\u2013 1 parque com caixa de areia, escorrega e baloi\u00e7o;<\/p>\n<p style=\"text-align: justify;\">\u2013 1 extenso espa\u00e7o relvado arborizado;<\/p>\n<p style=\"text-align: justify;\">\u2013 1 horta pedag\u00f3gica.<\/p>\n<p>[\/et_pb_text][\/et_pb_column][\/et_pb_row][et_pb_row _builder_version=&#8221;4.0.5&#8243;][et_pb_column type=&#8221;4_4&#8243; _builder_version=&#8221;4.0.5&#8243;][et_pb_text _builder_version=&#8221;4.0.5&#8243;]<\/p>\n<h1>Galeria de fotos das nossas instala\u00e7\u00f5es<\/h1>\n<p>[\/et_pb_text][\/et_pb_column][\/et_pb_row][et_pb_row _builder_version=&#8221;4.0.5&#8243;][et_pb_column type=&#8221;4_4&#8243; _builder_version=&#8221;4.0.5&#8243;][et_pb_gallery gallery_ids=&#8221;784,126,785,792,791,798,790,797,789,788,787,786&#8243; posts_number=&#8221;20&#8243; zoom_icon_color=&#8221;#fecd08&#8243; hover_icon=&#8221;%%51%%&#8221; _builder_version=&#8221;4.0.5&#8243;][\/et_pb_gallery][\/et_pb_column][\/et_pb_row][\/et_pb_section]<\/p>\n","protected":false},"excerpt":{"rendered":"<p>Instala\u00e7\u00f5esInstala\u00e7\u00f5es Creche- 1 ber\u00e7\u00e1rio e sala parque com frald\u00e1rio\/ 4 salas de atividades com instala\u00e7\u00f5es sanit\u00e1rias adequadas \u00e0s idades Educa\u00e7\u00e3o Pr\u00e9-Escolar: 3 salas de atividades com instala\u00e7\u00f5es sanit\u00e1rias adequadas \u00e0s idades CATL- 2 salas de atividades\/ 1 sala de estudo\/ instala\u00e7\u00f5es sanit\u00e1rias diferenciadas e adequadas \u00e0s idades Refeit\u00f3rio- comum e equipado com mobili\u00e1rio adequado a [&hellip;]<\/p>\n","protected":false},"author":4,"featured_media":0,"parent":0,"menu_order":0,"comment_status":"closed","ping_status":"closed","template":"","meta":{"_et_pb_use_builder":"on","_et_pb_old_content":"","_et_gb_content_width":"","footnotes":""},"class_list":["post-771","page","type-page","status-publish","hentry"],"_links":{"self":[{"href":"https:\/\/www.acurede.pt\/novo\/wp-json\/wp\/v2\/pages\/771","targetHints":{"allow":["GET"]}}],"collection":[{"href":"https:\/\/www.acurede.pt\/novo\/wp-json\/wp\/v2\/pages"}],"about":[{"href":"https:\/\/www.acurede.pt\/novo\/wp-json\/wp\/v2\/types\/page"}],"author":[{"embeddable":true,"href":"https:\/\/www.acurede.pt\/novo\/wp-json\/wp\/v2\/users\/4"}],"replies":[{"embeddable":true,"href":"https:\/\/www.acurede.pt\/novo\/wp-json\/wp\/v2\/comments?post=771"}],"version-history":[{"count":11,"href":"https:\/\/www.acurede.pt\/novo\/wp-json\/wp\/v2\/pages\/771\/revisions"}],"predecessor-version":[{"id":1049,"href":"https:\/\/www.acurede.pt\/novo\/wp-json\/wp\/v2\/pages\/771\/revisions\/1049"}],"wp:attachment":[{"href":"https:\/\/www.acurede.pt\/novo\/wp-json\/wp\/v2\/media?parent=771"}],"curies":[{"name":"wp","href":"https:\/\/api.w.org\/{rel}","templated":true}]}}